{"id":1700,"date":"2021-10-11T20:35:10","date_gmt":"2021-10-11T20:35:10","guid":{"rendered":"http:\/\/web.archive.org\/web\/20211128052409\/https:\/\/animaleslapalma.org\/?page_id=1700"},"modified":"2021-10-19T15:47:16","modified_gmt":"2021-10-19T15:47:16","slug":"inicio-ge","status":"publish","type":"page","link":"http:\/\/web.archive.org\/web\/20211128052409\/https:\/\/animaleslapalma.org\/index.php\/de\/inicio-ge\/","title":{"rendered":"Startseite"},"content":{"rendered":"\r\n<p style=\"text-align: center;\"><div id=\"metaslider-id-2149\" style=\"max-width: 1500px; margin: 0 auto;\" class=\"ml-slider-3-23-0 metaslider metaslider-flex metaslider-2149 ml-slider\">\n    <div id=\"metaslider_container_2149\">\n        <div id=\"metaslider_2149\" class=\"flexslider\">\n            <ul aria-live=\"polite\" class=\"slides\">\n                <li style=\"display: block; width: 100%;\" class=\"slide-2157 ms-image\"><a href=\"https:\/\/animaleslapalma.org\/index.php\/de\/animales-encontrados-ge\/\" target=\"_self\"><img src=\"https:\/\/animaleslapalma.org\/wp-content\/uploads\/2021\/10\/Carrusel-LP-ALEMAN_Animales-Encontrados-1500x429.png\" height=\"429\" width=\"1500\" alt=\"\" class=\"slider-2149 slide-2157\" title=\"Carrusel-LP-ALEMAN_Animales Encontrados\" \/><\/a><\/li>\n                <li style=\"display: none; width: 100%;\" class=\"slide-2156 ms-image\"><a href=\"https:\/\/animaleslapalma.org\/index.php\/de\/animales-buscados-ge\/\" target=\"_self\"><img src=\"https:\/\/animaleslapalma.org\/wp-content\/uploads\/2021\/10\/Carrusel-LP-ALEMAN_Animales-Buscados-1500x429.png\" height=\"429\" width=\"1500\" alt=\"\" class=\"slider-2149 slide-2156\" title=\"Carrusel-LP-ALEMAN_Animales Buscados\" \/><\/a><\/li>\n                <li style=\"display: none; width: 100%;\" class=\"slide-2155 ms-image\"><a href=\"https:\/\/animaleslapalma.org\/index.php\/de\/acogidas-y-adopciones-ge\/\" target=\"_self\"><img src=\"https:\/\/animaleslapalma.org\/wp-content\/uploads\/2021\/10\/Carrusel-LP-ALEMAN_Acogida-y-Adopciones-1500x429.png\" height=\"429\" width=\"1500\" alt=\"\" class=\"slider-2149 slide-2155\" title=\"Carrusel-LP-ALEMAN_Acogida y Adopciones\" \/><\/a><\/li>\n                <li style=\"display: none; width: 100%;\" class=\"slide-2159 ms-image\"><a href=\"https:\/\/animaleslapalma.org\/index.php\/de\/voluntariado-ge\/\" target=\"_self\"><img src=\"https:\/\/animaleslapalma.org\/wp-content\/uploads\/2021\/10\/Carrusel-LP-ALEMAN_Voluntariado-1500x429.png\" height=\"429\" width=\"1500\" alt=\"\" class=\"slider-2149 slide-2159\" title=\"Carrusel-LP-ALEMAN_Voluntariado\" \/><\/a><\/li>\n                <li style=\"display: none; width: 100%;\" class=\"slide-2158 ms-image\"><a href=\"https:\/\/animaleslapalma.org\/index.php\/de\/como-hacer-un-cartel-de-busqueda-ge\/\" target=\"_self\"><img src=\"https:\/\/animaleslapalma.org\/wp-content\/uploads\/2021\/10\/Carrusel-LP-ALEMAN_Como-Hacer-un-Cartel-1500x429.png\" height=\"429\" width=\"1500\" alt=\"\" class=\"slider-2149 slide-2158\" title=\"Carrusel-LP-ALEMAN_C\u00f3mo Hacer un Cartel\" \/><\/a><\/li>\n            <\/ul>\n        <\/div>\n        \n    <\/div>\n<\/div>\r\n<p style=\"text-align: center;\">Dieser Internetseite wurde nach dem Vulkanausbruch auf La Palma entwickelt.<\/p>\r\n<h4 style=\"text-align: center;\"><strong><span style=\"color: #88277c;\">Viele Tiere sind auf der Suche nach ihren Familien und viele Familien suchen nach ihren Tieren, diese Webseite soll ein Wiedervereinigungspunkt sein.<\/span><\/strong><\/h4>\r\n<p style=\"text-align: center;\">Wir arbeiten mit den \u00f6rtlichen Tierheimen zusammen, um die Informationen \u00fcber jedes gerettete Tier zu aktualisieren, und wir erhalten auch Anfragen f\u00fcr die Suche nach Tieren.<\/p>\r\n<p style=\"text-align: center;\">In den beiden Hauptbereichen der Website k\u00f6nnen Sie \u00fcberpr\u00fcfen, ob sich das von Ihnen gesuchte Tier in einem dieser Tierheime befindet, oder Sie k\u00f6nnen sich Ihre Suche anzeigen lassen.<\/p>\r\n<p style=\"text-align: center;\"><a href=\"https:\/\/animaleslapalma.org\/index.php\/de\/animales-encontrados-ge\/\"><img loading=\"lazy\" class=\"alignnone wp-image-2164\" src=\"https:\/\/animaleslapalma.org\/wp-content\/uploads\/2021\/10\/Botones-LP-ALEMAN_Animales-Encontrados-300x300.png\" alt=\"\" width=\"220\" height=\"220\" srcset=\"https:\/\/animaleslapalma.org\/wp-content\/uploads\/2021\/10\/Botones-LP-ALEMAN_Animales-Encontrados-300x300.png 300w, https:\/\/animaleslapalma.org\/wp-content\/uploads\/2021\/10\/Botones-LP-ALEMAN_Animales-Encontrados-150x150.png 150w, https:\/\/animaleslapalma.org\/wp-content\/uploads\/2021\/10\/Botones-LP-ALEMAN_Animales-Encontrados-768x768.png 768w, https:\/\/animaleslapalma.org\/wp-content\/uploads\/2021\/10\/Botones-LP-ALEMAN_Animales-Encontrados.png 875w\" sizes=\"(max-width: 220px) 100vw, 220px\" \/><\/a><a href=\"https:\/\/animaleslapalma.org\/index.php\/de\/animales-buscados-ge\/\"><img loading=\"lazy\" class=\"alignnone wp-image-2165\" src=\"https:\/\/animaleslapalma.org\/wp-content\/uploads\/2021\/10\/Botones-LP-ALEMAN_Animales-Buscados-300x300.png\" alt=\"\" width=\"220\" height=\"220\" srcset=\"https:\/\/animaleslapalma.org\/wp-content\/uploads\/2021\/10\/Botones-LP-ALEMAN_Animales-Buscados-300x300.png 300w, https:\/\/animaleslapalma.org\/wp-content\/uploads\/2021\/10\/Botones-LP-ALEMAN_Animales-Buscados-150x150.png 150w, https:\/\/animaleslapalma.org\/wp-content\/uploads\/2021\/10\/Botones-LP-ALEMAN_Animales-Buscados-768x768.png 768w, https:\/\/animaleslapalma.org\/wp-content\/uploads\/2021\/10\/Botones-LP-ALEMAN_Animales-Buscados.png 875w\" sizes=\"(max-width: 220px) 100vw, 220px\" \/><\/a><\/p>\r\n<p style=\"text-align: center;\">Denken Sie daran, dass die Notunterk\u00fcnfte und Tierheime aufgrund des Notstands voll ausgelastet sind. Eine weitere M\u00f6glichkeit der Zusammenarbeit ist die Aufnahme oder Adoption eines der Tiere, die Sie auf dieser Website sehen. Wir laden Sie ein, unseren Abschnitt \u00fcber die <strong><span style=\"color: #8c3a94;\"><a style=\"color: #8c3a94;\" href=\"https:\/\/animaleslapalma.org\/index.php\/de\/formulario-de-acogida-y-adopciones-ge\/\">Aufnahmen und Adoptionen<\/a><\/span><\/strong> zu besuchen.<\/p>\r\n<p style=\"text-align: center;\">Wir brauchen Ihre aktive Mitarbeit, indem Sie diese Seite mit Ihren Kontakten in den sozialen Netzwerken teilen. Je gr\u00f6\u00dfer die Verbreitung, desto schneller k\u00f6nnen wir helfen.<\/p>\r\n<p style=\"text-align: center;\">Eine weitere M\u00f6glichkeit, zu helfen, besteht darin, unserem Team beizutreten. Wenn Sie Interesse haben, laden wir Sie ein, unsere <strong><span style=\"color: #88277c;\"><a style=\"color: #88277c;\" href=\"https:\/\/animaleslapalma.org\/index.php\/voluntariado-ge\/\">Rubrik Freiwilligenarbeit<\/a><\/span><\/strong>\u00a0zu besuchen.<\/p>\r\n<p style=\"text-align: center;\">Wenn Sie mit einer <span style=\"color: #88277c;\"><strong><a style=\"color: #88277c;\" href=\"https:\/\/animaleslapalma.org\/wp-content\/uploads\/2021\/10\/sos_la_palma_informacion_publica.pdf\">Spende<\/a><\/strong><\/span> f\u00fcr die Notunterk\u00fcnfte der Tiere auf La Palma helfen m\u00f6chten, <strong><span style=\"color: #88277c;\"><a style=\"color: #88277c;\" href=\"https:\/\/animaleslapalma.org\/wp-content\/uploads\/2021\/10\/sos_la_palma_informacion_publica.pdf\">klicken Sie bitte hier<\/a><\/span><\/strong>.<\/p>","protected":false},"excerpt":{"rendered":"<p>Dieser Internetseite wurde nach dem Vulkanausbruch auf La Palma entwickelt. Viele Tiere sind auf der Suche nach ihren Familien und viele Familien suchen nach ihren Tieren, diese Webseite soll ein Wiedervereinigungspunkt sein. Wir arbeiten mit den \u00f6rtlichen Tierheimen zusammen, um die Informationen \u00fcber jedes gerettete Tier zu aktualisieren, und wir erhalten auch Anfragen f\u00fcr die &#8230; <a title=\"Startseite\" class=\"read-more\" href=\"https:\/\/animaleslapalma.org\/index.php\/de\/inicio-ge\/\" aria-label=\"M\u00e1s en Startseite\">Leer m\u00e1s<\/a><\/p>\n","protected":false},"author":1,"featured_media":0,"parent":0,"menu_order":0,"comment_status":"closed","ping_status":"closed","template":"","meta":[],"_links":{"self":[{"href":"http:\/\/web.archive.org\/web\/20211128052409\/https:\/\/animaleslapalma.org\/index.php\/wp-json\/wp\/v2\/pages\/1700"}],"collection":[{"href":"http:\/\/web.archive.org\/web\/20211128052409\/https:\/\/animaleslapalma.org\/index.php\/wp-json\/wp\/v2\/pages"}],"about":[{"href":"http:\/\/web.archive.org\/web\/20211128052409\/https:\/\/animaleslapalma.org\/index.php\/wp-json\/wp\/v2\/types\/page"}],"author":[{"embeddable":true,"href":"http:\/\/web.archive.org\/web\/20211128052409\/https:\/\/animaleslapalma.org\/index.php\/wp-json\/wp\/v2\/users\/1"}],"replies":[{"embeddable":true,"href":"http:\/\/web.archive.org\/web\/20211128052409\/https:\/\/animaleslapalma.org\/index.php\/wp-json\/wp\/v2\/comments?post=1700"}],"version-history":[{"count":11,"href":"http:\/\/web.archive.org\/web\/20211128052409\/https:\/\/animaleslapalma.org\/index.php\/wp-json\/wp\/v2\/pages\/1700\/revisions"}],"predecessor-version":[{"id":2166,"href":"http:\/\/web.archive.org\/web\/20211128052409\/https:\/\/animaleslapalma.org\/index.php\/wp-json\/wp\/v2\/pages\/1700\/revisions\/2166"}],"wp:attachment":[{"href":"http:\/\/web.archive.org\/web\/20211128052409\/https:\/\/animaleslapalma.org\/index.php\/wp-json\/wp\/v2\/media?parent=1700"}],"curies":[{"name":"wp","href":"http:\/\/web.archive.org\/web\/20211128052409\/https:\/\/api.w.org\/{rel}","templated":true}]}}